{"id":553,"date":"2022-03-10T15:47:56","date_gmt":"2022-03-10T15:47:56","guid":{"rendered":"https:\/\/dracsiespases.es\/?page_id=553"},"modified":"2025-09-11T14:41:47","modified_gmt":"2025-09-11T14:41:47","slug":"inscribirse-rol-en-vivo","status":"publish","type":"page","link":"https:\/\/dracsiespases.es\/val\/inscribirse-rol-en-vivo\/","title":{"rendered":"Inscribirse rol en vivo"},"content":{"rendered":"<div data-elementor-type=\"wp-page\" data-elementor-id=\"553\" class=\"elementor elementor-553\" data-elementor-settings=\"[]\">\n\t\t\t\t\t\t\t<div class=\"elementor-section-wrap\">\n\t\t\t\t\t\t\t<section data-particle_enable=\"false\" data-particle-mobile-disabled=\"false\" class=\"elementor-section elementor-top-section elementor-element elementor-element-2ab275a elementor-section-boxed elementor-section-height-default elementor-section-height-default\" data-id=\"2ab275a\" data-element_type=\"section\">\n\t\t\t\t\t\t<div class=\"elementor-container elementor-column-gap-default\">\n\t\t\t\t\t<div class=\"elementor-column elementor-col-100 elementor-top-column elementor-element elementor-element-124e232\" data-id=\"124e232\" data-element_type=\"column\">\n\t\t\t<div class=\"elementor-widget-wrap elementor-element-populated\">\n\t\t\t\t\t\t\t\t<div class=\"elementor-element elementor-element-447e7193 elementor-widget elementor-widget-heading\" data-id=\"447e7193\" data-element_type=\"widget\" data-widget_type=\"heading.default\">\n\t\t\t\t<div class=\"elementor-widget-container\">\n\t\t\t<style>\/*! elementor - v3.5.6 - 28-02-2022 *\/\n.elementor-heading-title{padding:0;margin:0;line-height:1}.elementor-widget-heading .elementor-heading-title[class*=elementor-size-]>a{color:inherit;font-size:inherit;line-height:inherit}.elementor-widget-heading .elementor-heading-title.elementor-size-small{font-size:15px}.elementor-widget-heading .elementor-heading-title.elementor-size-medium{font-size:19px}.elementor-widget-heading .elementor-heading-title.elementor-size-large{font-size:29px}.elementor-widget-heading .elementor-heading-title.elementor-size-xl{font-size:39px}.elementor-widget-heading .elementor-heading-title.elementor-size-xxl{font-size:59px}<\/style><h3 class=\"elementor-heading-title elementor-size-default\">Inscripci\u00f3 per al rol en vivo<\/h3>\t\t<\/div>\n\t\t\t\t<\/div>\n\t\t\t\t\t<\/div>\n\t\t<\/div>\n\t\t\t\t\t\t\t<\/div>\n\t\t<\/section>\n\t\t\t\t<section data-particle_enable=\"false\" data-particle-mobile-disabled=\"false\" class=\"elementor-section elementor-top-section elementor-element elementor-element-230a51c3 elementor-section-content-middle elementor-section-boxed elementor-section-height-default elementor-section-height-default\" data-id=\"230a51c3\" data-element_type=\"section\">\n\t\t\t\t\t\t<div class=\"elementor-container elementor-column-gap-no\">\n\t\t\t\t\t<div class=\"elementor-column elementor-col-100 elementor-top-column elementor-element elementor-element-41aa17be\" data-id=\"41aa17be\" data-element_type=\"column\">\n\t\t\t<div class=\"elementor-widget-wrap elementor-element-populated\">\n\t\t\t\t\t\t\t\t<div class=\"elementor-element elementor-element-11cc8d2b elementor-widget elementor-widget-heading\" data-id=\"11cc8d2b\" data-element_type=\"widget\" data-widget_type=\"heading.default\">\n\t\t\t\t<div class=\"elementor-widget-container\">\n\t\t\t<h3 class=\"elementor-heading-title elementor-size-default\"><br>A partir del dia 1 de juny<\/h3>\t\t<\/div>\n\t\t\t\t<\/div>\n\t\t\t\t<div class=\"elementor-element elementor-element-3d90bf6 elementor-widget elementor-widget-text-editor\" data-id=\"3d90bf6\" data-element_type=\"widget\" data-widget_type=\"text-editor.default\">\n\t\t\t\t<div class=\"elementor-widget-container\">\n\t\t\t<style>\/*! elementor - v3.5.6 - 28-02-2022 *\/\n.elementor-widget-text-editor.elementor-drop-cap-view-stacked .elementor-drop-cap{background-color:#818a91;color:#fff}.elementor-widget-text-editor.elementor-drop-cap-view-framed .elementor-drop-cap{color:#818a91;border:3px solid;background-color:transparent}.elementor-widget-text-editor:not(.elementor-drop-cap-view-default) .elementor-drop-cap{margin-top:8px}.elementor-widget-text-editor:not(.elementor-drop-cap-view-default) .elementor-drop-cap-letter{width:1em;height:1em}.elementor-widget-text-editor .elementor-drop-cap{float:left;text-align:center;line-height:1;font-size:50px}.elementor-widget-text-editor .elementor-drop-cap-letter{display:inline-block}<\/style>\t\t\t\t<p style=\"text-align: center;\">Los jugadores veteranos podr\u00e1n empezar a mandar los correos para <strong>\u00a0confirmar su futura asistencia<\/strong>(esto solo los pone en lista de reservas, deben realizar el procedimiento completo minimo de ficha antes del 15 de julio)\u00a0<br \/>El m\u00e9todo es <strong>a trav\u00e9s de un correo electr\u00f3nico con el asunto &#8220;Asistencia Calimport de (Mote o nombre)&#8221; y en el cuerpo del mensaje el Nombre, los dos apellidos<\/strong> y cualquier dato que querais a\u00f1adir. (Solicitudes viciosas, comentarios para los masters, etc.)<\/p>\t\t\t\t\t\t<\/div>\n\t\t\t\t<\/div>\n\t\t\t\t<div class=\"elementor-element elementor-element-62f4a65 elementor-widget elementor-widget-heading\" data-id=\"62f4a65\" data-element_type=\"widget\" data-widget_type=\"heading.default\">\n\t\t\t\t<div class=\"elementor-widget-container\">\n\t\t\t<h3 class=\"elementor-heading-title elementor-size-default\">El d\u00eda 15 de Junio<\/h3>\t\t<\/div>\n\t\t\t\t<\/div>\n\t\t\t\t<div class=\"elementor-element elementor-element-f89d8d4 elementor-widget elementor-widget-text-editor\" data-id=\"f89d8d4\" data-element_type=\"widget\" data-widget_type=\"text-editor.default\">\n\t\t\t\t<div class=\"elementor-widget-container\">\n\t\t\t\t\t\t\t<p style=\"text-align: center;\">Se publicar\u00e1 la lista de personajes predefinidos disponibles y se abrir\u00e1 el formulario para la petici\u00f3n de los mismos.<br \/>Este proceso se realizara a traves de un formulario de Google drive.<\/p>\t\t\t\t\t\t<\/div>\n\t\t\t\t<\/div>\n\t\t\t\t<div class=\"elementor-element elementor-element-9f2e942 elementor-widget elementor-widget-heading\" data-id=\"9f2e942\" data-element_type=\"widget\" data-widget_type=\"heading.default\">\n\t\t\t\t<div class=\"elementor-widget-container\">\n\t\t\t<h3 class=\"elementor-heading-title elementor-size-default\">El d\u00eda 30 de Junio<\/h3>\t\t<\/div>\n\t\t\t\t<\/div>\n\t\t\t\t<div class=\"elementor-element elementor-element-c58bdd4 elementor-widget elementor-widget-text-editor\" data-id=\"c58bdd4\" data-element_type=\"widget\" data-widget_type=\"text-editor.default\">\n\t\t\t\t<div class=\"elementor-widget-container\">\n\t\t\t\t\t\t\t<p style=\"text-align: center;\">Se publicar\u00e1 la lista de asignaci\u00f3n de personajes predefinidos y se empezar\u00e1n a enviar los correos correspondientes con la informaci\u00f3n para la primera parte de la ficha.<\/p>\t\t\t\t\t\t<\/div>\n\t\t\t\t<\/div>\n\t\t\t\t<div class=\"elementor-element elementor-element-2dd4667 elementor-widget elementor-widget-heading\" data-id=\"2dd4667\" data-element_type=\"widget\" data-widget_type=\"heading.default\">\n\t\t\t\t<div class=\"elementor-widget-container\">\n\t\t\t<h3 class=\"elementor-heading-title elementor-size-default\">El d\u00eda 1 de Julio<\/h3>\t\t<\/div>\n\t\t\t\t<\/div>\n\t\t\t\t<div class=\"elementor-element elementor-element-df04d77 elementor-widget elementor-widget-text-editor\" data-id=\"df04d77\" data-element_type=\"widget\" data-widget_type=\"text-editor.default\">\n\t\t\t\t<div class=\"elementor-widget-container\">\n\t\t\t\t\t\t\t<p style=\"text-align: center;\">Se abre el plazo para el proceso de <strong>inscripci\u00f3n<\/strong> de <strong>todos los jugadores<\/strong> (tanto libres, como predefinidos y tanto antiguos, como nuevos).<br \/>Los<strong> lideres de grupo de aventureros<\/strong> deberan enviar un correo con el <strong>nombre del gremio<\/strong> y el\u00a0<strong>nombre de todos los personajes<\/strong> que forman parte de el para inscribirlo en la partida.<br \/>Si alg\u00fan grupo quiere ir junto en el alojamiento, un responsable del grupo debera enviar un correo con el titulo de\u00a0<strong>Alojamiento conjunto\u00a0<\/strong>con el\u00a0<strong>nombre real completo<\/strong> de todos los que quieran dormir juntos,<br \/>las personas que no envien este correo seran asignadas por grupo de aventureros y los aventureros libres rellenaran huecos en los alojamientos.<\/p><p style=\"text-align: center;\">PD: <strong>A partir del 1 de Julio<\/strong> se pueden pedir los <strong>apartamentos\/chalets<\/strong> que se asignar\u00e1n por riguroso orden de solicitud. Estos tienen un coste adicional de 25\u20ac el apartamento y 35\u20ac el chalet por persona.<\/p>\t\t\t\t\t\t<\/div>\n\t\t\t\t<\/div>\n\t\t\t\t\t<\/div>\n\t\t<\/div>\n\t\t\t\t\t\t\t<\/div>\n\t\t<\/section>\n\t\t\t\t<section data-particle_enable=\"false\" data-particle-mobile-disabled=\"false\" class=\"elementor-section elementor-top-section elementor-element elementor-element-4c4b886 elementor-section-boxed elementor-section-height-default elementor-section-height-default\" data-id=\"4c4b886\" data-element_type=\"section\">\n\t\t\t\t\t\t<div class=\"elementor-container elementor-column-gap-default\">\n\t\t\t\t\t<div class=\"elementor-column elementor-col-50 elementor-top-column elementor-element elementor-element-0ca8df5\" data-id=\"0ca8df5\" data-element_type=\"column\">\n\t\t\t<div class=\"elementor-widget-wrap elementor-element-populated\">\n\t\t\t\t\t\t\t\t<div class=\"elementor-element elementor-element-bdaaf05 elementor-align-center elementor-widget elementor-widget-button\" data-id=\"bdaaf05\" data-element_type=\"widget\" data-widget_type=\"button.default\">\n\t\t\t\t<div class=\"elementor-widget-container\">\n\t\t\t\t\t<div class=\"elementor-button-wrapper\">\n\t\t\t<a href=\"https:\/\/cuenta.dracsiespases.com\/\" class=\"elementor-button-link elementor-button elementor-size-sm\" role=\"button\">\n\t\t\t\t\t\t<span class=\"elementor-button-content-wrapper\">\n\t\t\t\t\t\t<span class=\"elementor-button-text\">Crear nuevo usuario<\/span>\n\t\t<\/span>\n\t\t\t\t\t<\/a>\n\t\t<\/div>\n\t\t\t\t<\/div>\n\t\t\t\t<\/div>\n\t\t\t\t\t<\/div>\n\t\t<\/div>\n\t\t\t\t<div class=\"elementor-column elementor-col-50 elementor-top-column elementor-element elementor-element-977d52c\" data-id=\"977d52c\" data-element_type=\"column\">\n\t\t\t<div class=\"elementor-widget-wrap elementor-element-populated\">\n\t\t\t\t\t\t\t\t<div class=\"elementor-element elementor-element-9fa287e elementor-align-center elementor-widget elementor-widget-button\" data-id=\"9fa287e\" data-element_type=\"widget\" data-widget_type=\"button.default\">\n\t\t\t\t<div class=\"elementor-widget-container\">\n\t\t\t\t\t<div class=\"elementor-button-wrapper\">\n\t\t\t<a href=\"https:\/\/cuenta.dracsiespases.com\/inicio-de-sesion\" class=\"elementor-button-link elementor-button elementor-size-sm\" role=\"button\">\n\t\t\t\t\t\t<span class=\"elementor-button-content-wrapper\">\n\t\t\t\t\t\t<span class=\"elementor-button-text\">Entrar al perfil para hacer ficha<\/span>\n\t\t<\/span>\n\t\t\t\t\t<\/a>\n\t\t<\/div>\n\t\t\t\t<\/div>\n\t\t\t\t<\/div>\n\t\t\t\t\t<\/div>\n\t\t<\/div>\n\t\t\t\t\t\t\t<\/div>\n\t\t<\/section>\n\t\t\t\t<section data-particle_enable=\"false\" data-particle-mobile-disabled=\"false\" class=\"elementor-section elementor-top-section elementor-element elementor-element-bef265b elementor-section-boxed elementor-section-height-default elementor-section-height-default\" data-id=\"bef265b\" data-element_type=\"section\">\n\t\t\t\t\t\t<div class=\"elementor-container elementor-column-gap-default\">\n\t\t\t\t\t<div class=\"elementor-column elementor-col-100 elementor-top-column elementor-element elementor-element-634bafc\" data-id=\"634bafc\" data-element_type=\"column\">\n\t\t\t<div class=\"elementor-widget-wrap elementor-element-populated\">\n\t\t\t\t\t\t\t\t<div class=\"elementor-element elementor-element-c3f140f elementor-widget elementor-widget-text-editor\" data-id=\"c3f140f\" data-element_type=\"widget\" data-widget_type=\"text-editor.default\">\n\t\t\t\t<div class=\"elementor-widget-container\">\n\t\t\t\t\t\t\t<h5 style=\"text-align: center;\"><span style=\"color: #ff0000;\"><strong>El orden de lista para el evento pudiendo marcar que te quedes fuera en reserva, priorizara la lista de confirmaci\u00f3n de futura asistencia siempre y cuando los veteranos que han enviado este correo hayan realizado su ficha antes del d\u00eda 15 de julio.<\/strong><\/span><\/h5>\t\t\t\t\t\t<\/div>\n\t\t\t\t<\/div>\n\t\t\t\t<div class=\"elementor-element elementor-element-6e2f1f2 elementor-widget elementor-widget-heading\" data-id=\"6e2f1f2\" data-element_type=\"widget\" data-widget_type=\"heading.default\">\n\t\t\t\t<div class=\"elementor-widget-container\">\n\t\t\t<h3 class=\"elementor-heading-title elementor-size-default\">Pagament de la partida<\/h3>\t\t<\/div>\n\t\t\t\t<\/div>\n\t\t\t\t<div class=\"elementor-element elementor-element-50c854a elementor-widget elementor-widget-heading\" data-id=\"50c854a\" data-element_type=\"widget\" data-widget_type=\"heading.default\">\n\t\t\t\t<div class=\"elementor-widget-container\">\n\t\t\t<h3 class=\"elementor-heading-title elementor-size-default\">Fins a l'1 d'agost<\/h3>\t\t<\/div>\n\t\t\t\t<\/div>\n\t\t\t\t<div class=\"elementor-element elementor-element-9143d4f elementor-widget elementor-widget-text-editor\" data-id=\"9143d4f\" data-element_type=\"widget\" data-widget_type=\"text-editor.default\">\n\t\t\t\t<div class=\"elementor-widget-container\">\n\t\t\t\t\t\t\t<p>Los jugadores que solicitaron plazas predefinidas, deber\u00e1n realizar el pago antes del 01\/08 ya que son parte central de la partida. (Recibir\u00e1n la segunda parte de la ficha)<\/p>\t\t\t\t\t\t<\/div>\n\t\t\t\t<\/div>\n\t\t\t\t<div class=\"elementor-element elementor-element-6344a03 elementor-widget elementor-widget-heading\" data-id=\"6344a03\" data-element_type=\"widget\" data-widget_type=\"heading.default\">\n\t\t\t\t<div class=\"elementor-widget-container\">\n\t\t\t<h3 class=\"elementor-heading-title elementor-size-default\">Hasta el 15 de agosto<\/h3>\t\t<\/div>\n\t\t\t\t<\/div>\n\t\t\t\t<div class=\"elementor-element elementor-element-16f2ce4 elementor-widget elementor-widget-text-editor\" data-id=\"16f2ce4\" data-element_type=\"widget\" data-widget_type=\"text-editor.default\">\n\t\t\t\t<div class=\"elementor-widget-container\">\n\t\t\t\t\t\t\t<p class=\"font_8\" style=\"text-align: center;\">Despr\u00e9s de la confirmaci\u00f3 de la fitxa pels m\u00e0sters se t'enviar\u00e0 al teu correu el n\u00famero de compte en qu\u00e8 fer el pagament.<\/p><p class=\"font_8\" style=\"text-align: center;\"><strong>El pago debe realizarse antes del 15\/08<\/strong>. En el concepto<span class=\"color_14\">\u00a0<\/span>indicad vuestro nombre y apellidos o si pag\u00e1is en grupo un distintivo identificativo.<\/p><p class=\"font_8\" style=\"text-align: center;\">El precio por jugador ser\u00e1 de 100 euros. En el precio de la partida ir\u00e1 incluido la cena del viernes, desayuno-comida-cena del s\u00e1bado y desayuno-comida del domingo, adem\u00e1s de dormir en cama las dos noches del evento. Para los PNJ (Personaje No Jugador) y los Ni\u00f1os (menores de 14 a\u00f1os sin ficha) el precio ser\u00e1 de 70 euros.<\/p><p class=\"font_8\" style=\"text-align: center;\"><em>Davant de qualsevol dubte o problema que vos sorgisca durant este proc\u00e9s, no dubteu a enviar-nos un email i vos ajudarem en tot el possible.<\/em><\/p>\t\t\t\t\t\t<\/div>\n\t\t\t\t<\/div>\n\t\t\t\t<div class=\"elementor-element elementor-element-8c3c652 elementor-widget elementor-widget-text-editor\" data-id=\"8c3c652\" data-element_type=\"widget\" data-widget_type=\"text-editor.default\">\n\t\t\t\t<div class=\"elementor-widget-container\">\n\t\t\t\t\t\t\t<h5 style=\"text-align: center;\"><span style=\"color: #ff0000;\"><strong>El margen de pago esta hecho para facilitar los problemas de los jugadores, si vas a apurarlo en exceso (mandar una ficha el dia 3 de julio y pagar el 14 de agosto) te aconsejo que nos envies un correo indicandonos el asunto ya que si se llena el evento nos guardamos el derecho a retirar las reservas de aquellos jugadores que han mandado la ficha y no nos facilitan el control de su estado de participaci\u00f3n.<br><br>Solo se realizan DEVOLUCIONES de entradas hasta el 25 de agosto, una vez ha pasado esa fecha se permite vender la entrada a un tercero siempre y cuando se gestione de forma personal y el nuevo visitante nos mande un correo confirmando el cambio y con los datos de alergenos alimenticios y dietas.<\/strong><\/span><\/h5>\t\t\t\t\t\t<\/div>\n\t\t\t\t<\/div>\n\t\t\t\t\t<\/div>\n\t\t<\/div>\n\t\t\t\t\t\t\t<\/div>\n\t\t<\/section>\n\t\t\t\t<section data-particle_enable=\"false\" data-particle-mobile-disabled=\"false\" class=\"elementor-section elementor-top-section elementor-element elementor-element-9445c79 elementor-section-boxed elementor-section-height-default elementor-section-height-default\" data-id=\"9445c79\" data-element_type=\"section\">\n\t\t\t\t\t\t<div class=\"elementor-container elementor-column-gap-default\">\n\t\t\t\t\t<div class=\"elementor-column elementor-col-100 elementor-top-column elementor-element elementor-element-9800cfc\" data-id=\"9800cfc\" data-element_type=\"column\">\n\t\t\t<div class=\"elementor-widget-wrap elementor-element-populated\">\n\t\t\t\t\t\t\t\t<div class=\"elementor-element elementor-element-3d33f46 elementor-widget elementor-widget-heading\" data-id=\"3d33f46\" data-element_type=\"widget\" data-widget_type=\"heading.default\">\n\t\t\t\t<div class=\"elementor-widget-container\">\n\t\t\t<h3 class=\"elementor-heading-title elementor-size-default\">Para cualquier duda o consulta escribid a: dracsiespases@gmail.com\n<\/h3>\t\t<\/div>\n\t\t\t\t<\/div>\n\t\t\t\t\t<\/div>\n\t\t<\/div>\n\t\t\t\t\t\t\t<\/div>\n\t\t<\/section>\n\t\t\t\t\t\t<\/div>\n\t\t\t\t\t<\/div>","protected":false},"excerpt":{"rendered":"<p>Inscripci\u00f3n para rol en vivo A partir del d\u00eda 1 de junio Los jugadores veteranos podr\u00e1n empezar a mandar los correos para \u00a0confirmar su futura asistencia(esto solo los pone en lista de reservas, deben realizar el procedimiento completo minimo de ficha antes del 15 de julio)\u00a0El m\u00e9todo es a trav\u00e9s de un correo electr\u00f3nico con &hellip;<\/p>\n<p class=\"read-more\"> <a class=\"\" href=\"https:\/\/dracsiespases.es\/val\/inscribirse-rol-en-vivo\/\"> <span class=\"screen-reader-text\">Inscribirse rol en vivo<\/span> Read More &raquo;<\/a><\/p>","protected":false},"author":1,"featured_media":0,"parent":0,"menu_order":8,"comment_status":"closed","ping_status":"closed","template":"","meta":{"site-sidebar-layout":"no-sidebar","site-content-layout":"page-builder","ast-global-header-display":"","ast-banner-title-visibility":"","ast-main-header-display":"","ast-hfb-above-header-display":"","ast-hfb-below-header-display":"","ast-hfb-mobile-header-display":"","site-post-title":"disabled","ast-breadcrumbs-content":"","ast-featured-img":"disabled","footer-sml-layout":"","theme-transparent-header-meta":"","adv-header-id-meta":"","stick-header-meta":"","header-above-stick-meta":"","header-main-stick-meta":"","header-below-stick-meta":"","spay_email":"","footnotes":""},"class_list":["post-553","page","type-page","status-publish","hentry"],"yoast_head":"<!-- This site is optimized with the Yoast SEO Premium plugin v18.1 (Yoast SEO v18.2) - https:\/\/yoast.com\/wordpress\/plugins\/seo\/ -->\n<title>Inscribirse rol en vivo -<\/title>\n<meta name=\"robots\" content=\"index, follow, max-snippet:-1, max-image-preview:large, max-video-preview:-1\" \/>\n<link rel=\"canonical\" href=\"https:\/\/dracsiespases.es\/val\/inscribirse-rol-en-vivo\/\" \/>\n<meta property=\"og:locale\" content=\"es_ES\" \/>\n<meta property=\"og:type\" content=\"article\" \/>\n<meta property=\"og:title\" content=\"Inscribirse rol en vivo\" \/>\n<meta property=\"og:description\" content=\"Inscripci\u00f3n para rol en vivo A partir del d\u00eda 1 de junio Los jugadores veteranos podr\u00e1n empezar a mandar los correos para \u00a0confirmar su futura asistencia(esto solo los pone en lista de reservas, deben realizar el procedimiento completo minimo de ficha antes del 15 de julio)\u00a0El m\u00e9todo es a trav\u00e9s de un correo electr\u00f3nico con &hellip; Inscribirse rol en vivo Read More &raquo;\" \/>\n<meta property=\"og:url\" content=\"https:\/\/dracsiespases.es\/val\/inscribirse-rol-en-vivo\/\" \/>\n<meta property=\"article:modified_time\" content=\"2025-09-11T14:41:47+00:00\" \/>\n<meta property=\"og:image\" content=\"https:\/\/i0.wp.com\/dracsiespases.es\/wp-content\/uploads\/2022\/03\/logo.png?fit=543%2C548&#038;ssl=1\" \/>\n\t<meta property=\"og:image:width\" content=\"543\" \/>\n\t<meta property=\"og:image:height\" content=\"548\" \/>\n\t<meta property=\"og:image:type\" content=\"image\/png\" \/>\n<meta name=\"twitter:card\" content=\"summary_large_image\" \/>\n<meta name=\"twitter:label1\" content=\"Est. reading time\" \/>\n\t<meta name=\"twitter:data1\" content=\"3 minutes\" \/>\n<script type=\"application\/ld+json\" class=\"yoast-schema-graph\">{\"@context\":\"https:\/\/schema.org\",\"@graph\":[{\"@type\":\"Organization\",\"@id\":\"https:\/\/dracsiespases.es\/#organization\",\"name\":\"Dracs i espases\",\"url\":\"https:\/\/dracsiespases.es\/\",\"sameAs\":[],\"logo\":{\"@type\":\"ImageObject\",\"@id\":\"https:\/\/dracsiespases.es\/#logo\",\"inLanguage\":\"es-val\",\"url\":\"https:\/\/dracsiespases.es\/wp-content\/uploads\/2022\/03\/logo.png\",\"contentUrl\":\"https:\/\/dracsiespases.es\/wp-content\/uploads\/2022\/03\/logo.png\",\"width\":543,\"height\":548,\"caption\":\"Dracs i espases\"},\"image\":{\"@id\":\"https:\/\/dracsiespases.es\/#logo\"}},{\"@type\":\"WebSite\",\"@id\":\"https:\/\/dracsiespases.es\/#website\",\"url\":\"https:\/\/dracsiespases.es\/\",\"name\":\"\",\"description\":\"Asociaci\u00f3n\",\"publisher\":{\"@id\":\"https:\/\/dracsiespases.es\/#organization\"},\"potentialAction\":[{\"@type\":\"SearchAction\",\"target\":{\"@type\":\"EntryPoint\",\"urlTemplate\":\"https:\/\/dracsiespases.es\/?s={search_term_string}\"},\"query-input\":\"required name=search_term_string\"}],\"inLanguage\":\"es-val\"},{\"@type\":\"WebPage\",\"@id\":\"https:\/\/dracsiespases.es\/inscribirse-rol-en-vivo\/#webpage\",\"url\":\"https:\/\/dracsiespases.es\/inscribirse-rol-en-vivo\/\",\"name\":\"Inscribirse rol en vivo -\",\"isPartOf\":{\"@id\":\"https:\/\/dracsiespases.es\/#website\"},\"datePublished\":\"2022-03-10T15:47:56+00:00\",\"dateModified\":\"2025-09-11T14:41:47+00:00\",\"breadcrumb\":{\"@id\":\"https:\/\/dracsiespases.es\/inscribirse-rol-en-vivo\/#breadcrumb\"},\"inLanguage\":\"es-val\",\"potentialAction\":[{\"@type\":\"ReadAction\",\"target\":[\"https:\/\/dracsiespases.es\/inscribirse-rol-en-vivo\/\"]}]},{\"@type\":\"BreadcrumbList\",\"@id\":\"https:\/\/dracsiespases.es\/inscribirse-rol-en-vivo\/#breadcrumb\",\"itemListElement\":[{\"@type\":\"ListItem\",\"position\":1,\"name\":\"Portada\",\"item\":\"https:\/\/dracsiespases.es\/\"},{\"@type\":\"ListItem\",\"position\":2,\"name\":\"Inscribirse rol en vivo\"}]}]}<\/script>\n<!-- \/ Yoast SEO Premium plugin. -->","yoast_head_json":{"title":"Inscribirse rol en vivo -","robots":{"index":"index","follow":"follow","max-snippet":"max-snippet:-1","max-image-preview":"max-image-preview:large","max-video-preview":"max-video-preview:-1"},"canonical":"https:\/\/dracsiespases.es\/val\/inscribirse-rol-en-vivo\/","og_locale":"es_ES","og_type":"article","og_title":"Inscribirse rol en vivo","og_description":"Inscripci\u00f3n para rol en vivo A partir del d\u00eda 1 de junio Los jugadores veteranos podr\u00e1n empezar a mandar los correos para \u00a0confirmar su futura asistencia(esto solo los pone en lista de reservas, deben realizar el procedimiento completo minimo de ficha antes del 15 de julio)\u00a0El m\u00e9todo es a trav\u00e9s de un correo electr\u00f3nico con &hellip; Inscribirse rol en vivo Read More &raquo;","og_url":"https:\/\/dracsiespases.es\/val\/inscribirse-rol-en-vivo\/","article_modified_time":"2025-09-11T14:41:47+00:00","og_image":[{"width":543,"height":548,"url":"https:\/\/i0.wp.com\/dracsiespases.es\/wp-content\/uploads\/2022\/03\/logo.png?fit=543%2C548&ssl=1","type":"image\/png"}],"twitter_card":"summary_large_image","twitter_misc":{"Est. reading time":"3 minutes"},"schema":{"@context":"https:\/\/schema.org","@graph":[{"@type":"Organization","@id":"https:\/\/dracsiespases.es\/#organization","name":"Dracs i espases","url":"https:\/\/dracsiespases.es\/","sameAs":[],"logo":{"@type":"ImageObject","@id":"https:\/\/dracsiespases.es\/#logo","inLanguage":"es-val","url":"https:\/\/dracsiespases.es\/wp-content\/uploads\/2022\/03\/logo.png","contentUrl":"https:\/\/dracsiespases.es\/wp-content\/uploads\/2022\/03\/logo.png","width":543,"height":548,"caption":"Dracs i espases"},"image":{"@id":"https:\/\/dracsiespases.es\/#logo"}},{"@type":"WebSite","@id":"https:\/\/dracsiespases.es\/#website","url":"https:\/\/dracsiespases.es\/","name":"","description":"Asociaci\u00f3n","publisher":{"@id":"https:\/\/dracsiespases.es\/#organization"},"potentialAction":[{"@type":"SearchAction","target":{"@type":"EntryPoint","urlTemplate":"https:\/\/dracsiespases.es\/?s={search_term_string}"},"query-input":"required name=search_term_string"}],"inLanguage":"es-val"},{"@type":"WebPage","@id":"https:\/\/dracsiespases.es\/inscribirse-rol-en-vivo\/#webpage","url":"https:\/\/dracsiespases.es\/inscribirse-rol-en-vivo\/","name":"Inscribirse rol en vivo -","isPartOf":{"@id":"https:\/\/dracsiespases.es\/#website"},"datePublished":"2022-03-10T15:47:56+00:00","dateModified":"2025-09-11T14:41:47+00:00","breadcrumb":{"@id":"https:\/\/dracsiespases.es\/inscribirse-rol-en-vivo\/#breadcrumb"},"inLanguage":"es-val","potentialAction":[{"@type":"ReadAction","target":["https:\/\/dracsiespases.es\/inscribirse-rol-en-vivo\/"]}]},{"@type":"BreadcrumbList","@id":"https:\/\/dracsiespases.es\/inscribirse-rol-en-vivo\/#breadcrumb","itemListElement":[{"@type":"ListItem","position":1,"name":"Portada","item":"https:\/\/dracsiespases.es\/"},{"@type":"ListItem","position":2,"name":"Inscribirse rol en vivo"}]}]}},"_links":{"self":[{"href":"https:\/\/dracsiespases.es\/val\/wp-json\/wp\/v2\/pages\/553","targetHints":{"allow":["GET"]}}],"collection":[{"href":"https:\/\/dracsiespases.es\/val\/wp-json\/wp\/v2\/pages"}],"about":[{"href":"https:\/\/dracsiespases.es\/val\/wp-json\/wp\/v2\/types\/page"}],"author":[{"embeddable":true,"href":"https:\/\/dracsiespases.es\/val\/wp-json\/wp\/v2\/users\/1"}],"replies":[{"embeddable":true,"href":"https:\/\/dracsiespases.es\/val\/wp-json\/wp\/v2\/comments?post=553"}],"version-history":[{"count":201,"href":"https:\/\/dracsiespases.es\/val\/wp-json\/wp\/v2\/pages\/553\/revisions"}],"predecessor-version":[{"id":6524,"href":"https:\/\/dracsiespases.es\/val\/wp-json\/wp\/v2\/pages\/553\/revisions\/6524"}],"wp:attachment":[{"href":"https:\/\/dracsiespases.es\/val\/wp-json\/wp\/v2\/media?parent=553"}],"curies":[{"name":"wp","href":"https:\/\/api.w.org\/{rel}","templated":true}]}}