{"id":3351,"date":"2023-06-19T10:02:48","date_gmt":"2023-06-19T10:02:48","guid":{"rendered":"https:\/\/dracsiespases.es\/?page_id=3351"},"modified":"2025-08-13T15:49:25","modified_gmt":"2025-08-13T15:49:25","slug":"amires","status":"publish","type":"page","link":"https:\/\/dracsiespases.es\/val\/amires\/","title":{"rendered":"Amires"},"content":{"rendered":"<div data-elementor-type=\"wp-page\" data-elementor-id=\"3351\" class=\"elementor elementor-3351\" data-elementor-settings=\"[]\">\n\t\t\t\t\t\t\t<div class=\"elementor-section-wrap\">\n\t\t\t\t\t\t\t<section data-particle_enable=\"false\" data-particle-mobile-disabled=\"false\" class=\"elementor-section elementor-top-section elementor-element elementor-element-fa5cb6c elementor-section-boxed elementor-section-height-default elementor-section-height-default\" data-id=\"fa5cb6c\" data-element_type=\"section\">\n\t\t\t\t\t\t<div class=\"elementor-container elementor-column-gap-default\">\n\t\t\t\t\t<div class=\"elementor-column elementor-col-100 elementor-top-column elementor-element elementor-element-ed30ed3\" data-id=\"ed30ed3\" data-element_type=\"column\">\n\t\t\t<div class=\"elementor-widget-wrap elementor-element-populated\">\n\t\t\t\t\t\t\t\t<div class=\"elementor-element elementor-element-f34bdbc elementor-widget elementor-widget-heading\" data-id=\"f34bdbc\" data-element_type=\"widget\" data-widget_type=\"heading.default\">\n\t\t\t\t<div class=\"elementor-widget-container\">\n\t\t\t<style>\/*! elementor - v3.5.6 - 28-02-2022 *\/\n.elementor-heading-title{padding:0;margin:0;line-height:1}.elementor-widget-heading .elementor-heading-title[class*=elementor-size-]>a{color:inherit;font-size:inherit;line-height:inherit}.elementor-widget-heading .elementor-heading-title.elementor-size-small{font-size:15px}.elementor-widget-heading .elementor-heading-title.elementor-size-medium{font-size:19px}.elementor-widget-heading .elementor-heading-title.elementor-size-large{font-size:29px}.elementor-widget-heading .elementor-heading-title.elementor-size-xl{font-size:39px}.elementor-widget-heading .elementor-heading-title.elementor-size-xxl{font-size:59px}<\/style><h2 class=\"elementor-heading-title elementor-size-default\">Amires<\/h2>\t\t<\/div>\n\t\t\t\t<\/div>\n\t\t\t\t\t<\/div>\n\t\t<\/div>\n\t\t\t\t\t\t\t<\/div>\n\t\t<\/section>\n\t\t\t\t<section data-particle_enable=\"false\" data-particle-mobile-disabled=\"false\" class=\"elementor-section elementor-top-section elementor-element elementor-element-032266b elementor-section-boxed elementor-section-height-default elementor-section-height-default\" data-id=\"032266b\" data-element_type=\"section\">\n\t\t\t\t\t\t<div class=\"elementor-container elementor-column-gap-default\">\n\t\t\t\t\t<div class=\"elementor-column elementor-col-100 elementor-top-column elementor-element elementor-element-13d68e7\" data-id=\"13d68e7\" data-element_type=\"column\">\n\t\t\t<div class=\"elementor-widget-wrap elementor-element-populated\">\n\t\t\t\t\t\t\t\t<section data-particle_enable=\"false\" data-particle-mobile-disabled=\"false\" class=\"elementor-section elementor-inner-section elementor-element elementor-element-a9ad4ac elementor-reverse-mobile elementor-section-boxed elementor-section-height-default elementor-section-height-default\" data-id=\"a9ad4ac\" data-element_type=\"section\">\n\t\t\t\t\t\t<div class=\"elementor-container elementor-column-gap-default\">\n\t\t\t\t\t<div class=\"elementor-column elementor-col-100 elementor-inner-column elementor-element elementor-element-7f62ea5\" data-id=\"7f62ea5\" data-element_type=\"column\">\n\t\t\t<div class=\"elementor-widget-wrap elementor-element-populated\">\n\t\t\t\t\t\t\t\t<div class=\"elementor-element elementor-element-09f7351 elementor-widget elementor-widget-text-editor\" data-id=\"09f7351\" data-element_type=\"widget\" data-widget_type=\"text-editor.default\">\n\t\t\t\t<div class=\"elementor-widget-container\">\n\t\t\t<style>\/*! elementor - v3.5.6 - 28-02-2022 *\/\n.elementor-widget-text-editor.elementor-drop-cap-view-stacked .elementor-drop-cap{background-color:#818a91;color:#fff}.elementor-widget-text-editor.elementor-drop-cap-view-framed .elementor-drop-cap{color:#818a91;border:3px solid;background-color:transparent}.elementor-widget-text-editor:not(.elementor-drop-cap-view-default) .elementor-drop-cap{margin-top:8px}.elementor-widget-text-editor:not(.elementor-drop-cap-view-default) .elementor-drop-cap-letter{width:1em;height:1em}.elementor-widget-text-editor .elementor-drop-cap{float:left;text-align:center;line-height:1;font-size:50px}.elementor-widget-text-editor .elementor-drop-cap-letter{display:inline-block}<\/style>\t\t\t\t<p style=\"text-align: center;\">Los Amires del Sult\u00e1n, es un t\u00edtulo que implica ser uno de los recaudadores oficiales. Jer\u00e1rquicamente est\u00e1n bajo los Visires, pero su trabajo es controlar las finanzas para el Sult\u00e1n y en \u00faltima instancia s\u00f3lo responden ante \u00e9l. Todo negocio realizado en la ciudad, incluso con el cuestor est\u00e1 bajo su supervisi\u00f3n, teniendo que tener la autorizaci\u00f3n de uno de ellos o no podr\u00e1 realizarse la negociaci\u00f3n. Como buenos funcionarios del Sultanato, se espera de ellos una lealtad hacia el sult\u00e1n incuestionable, y una recaudaci\u00f3n sin tacha.<\/p>\t\t\t\t\t\t<\/div>\n\t\t\t\t<\/div>\n\t\t\t\t\t<\/div>\n\t\t<\/div>\n\t\t\t\t\t\t\t<\/div>\n\t\t<\/section>\n\t\t\t\t\t<\/div>\n\t\t<\/div>\n\t\t\t\t\t\t\t<\/div>\n\t\t<\/section>\n\t\t\t\t<section data-particle_enable=\"false\" data-particle-mobile-disabled=\"false\" class=\"elementor-section elementor-top-section elementor-element elementor-element-d4dd211 elementor-section-boxed elementor-section-height-default elementor-section-height-default\" data-id=\"d4dd211\" data-element_type=\"section\">\n\t\t\t\t\t\t<div class=\"elementor-container elementor-column-gap-default\">\n\t\t\t\t\t<div class=\"elementor-column elementor-col-100 elementor-top-column elementor-element elementor-element-8b49115\" data-id=\"8b49115\" data-element_type=\"column\">\n\t\t\t<div class=\"elementor-widget-wrap elementor-element-populated\">\n\t\t\t\t\t\t\t\t<section data-particle_enable=\"false\" data-particle-mobile-disabled=\"false\" class=\"elementor-section elementor-inner-section elementor-element elementor-element-097a01e elementor-section-boxed elementor-section-height-default elementor-section-height-default\" data-id=\"097a01e\" data-element_type=\"section\">\n\t\t\t\t\t\t<div class=\"elementor-container elementor-column-gap-default\">\n\t\t\t\t\t<div class=\"elementor-column elementor-col-33 elementor-inner-column elementor-element elementor-element-4d98ac8\" data-id=\"4d98ac8\" data-element_type=\"column\">\n\t\t\t<div class=\"elementor-widget-wrap elementor-element-populated\">\n\t\t\t\t\t\t\t\t<div class=\"elementor-element elementor-element-aca65d7 elementor-widget elementor-widget-image\" data-id=\"aca65d7\" data-element_type=\"widget\" data-widget_type=\"image.default\">\n\t\t\t\t<div class=\"elementor-widget-container\">\n\t\t\t<style>\/*! elementor - v3.5.6 - 28-02-2022 *\/\n.elementor-widget-image{text-align:center}.elementor-widget-image a{display:inline-block}.elementor-widget-image a img[src$=\".svg\"]{width:48px}.elementor-widget-image img{vertical-align:middle;display:inline-block}<\/style>\t\t\t\t\t\t\t\t\t\t\t\t<img loading=\"lazy\" decoding=\"async\" width=\"359\" height=\"325\" src=\"https:\/\/i0.wp.com\/dracsiespases.es\/wp-content\/uploads\/2025\/08\/amir2.jpg?fit=359%2C325&amp;ssl=1\" class=\"attachment-large size-large\" alt=\"\" srcset=\"https:\/\/i0.wp.com\/dracsiespases.es\/wp-content\/uploads\/2025\/08\/amir2.jpg?w=359&amp;ssl=1 359w, https:\/\/i0.wp.com\/dracsiespases.es\/wp-content\/uploads\/2025\/08\/amir2.jpg?resize=300%2C272&amp;ssl=1 300w, https:\/\/i0.wp.com\/dracsiespases.es\/wp-content\/uploads\/2025\/08\/amir2.jpg?resize=13%2C12&amp;ssl=1 13w\" sizes=\"auto, (max-width: 359px) 100vw, 359px\" \/>\t\t\t\t\t\t\t\t\t\t\t\t\t\t\t<\/div>\n\t\t\t\t<\/div>\n\t\t\t\t\t<\/div>\n\t\t<\/div>\n\t\t\t\t<div class=\"elementor-column elementor-col-66 elementor-inner-column elementor-element elementor-element-3c22577\" data-id=\"3c22577\" data-element_type=\"column\">\n\t\t\t<div class=\"elementor-widget-wrap elementor-element-populated\">\n\t\t\t\t\t\t\t\t<div class=\"elementor-element elementor-element-435bdae elementor-widget elementor-widget-heading\" data-id=\"435bdae\" data-element_type=\"widget\" data-widget_type=\"heading.default\">\n\t\t\t\t<div class=\"elementor-widget-container\">\n\t\t\t<h2 class=\"elementor-heading-title elementor-size-default\">Djafaar Majmed<\/h2>\t\t<\/div>\n\t\t\t\t<\/div>\n\t\t\t\t<div class=\"elementor-element elementor-element-4995566 elementor-widget elementor-widget-text-editor\" data-id=\"4995566\" data-element_type=\"widget\" data-widget_type=\"text-editor.default\">\n\t\t\t\t<div class=\"elementor-widget-container\">\n\t\t\t\t\t\t\t<p>Djafaar Majmed es uno de los recaudadores m\u00e1s eficientes y respetados de Calimport. H\u00e1bil con los n\u00fameros y a\u00fan m\u00e1s con las palabras, su astucia le ha valido el t\u00edtulo de Amir a temprana edad. Procedente de una familia influyente, Djafaar representa la elegancia y el poder de las altas esferas. Aunque algunos murmuran que su estilo de vida hedonista levanta cejas, pero nadie puede negar que, cuando se trata de resultados, pocos en Calimport est\u00e1n a su altura<\/p><p>G\u00e9nero: Libre.<br \/>Raza: Humano.<br \/>Requisitos de clase: Ninguno.<br \/>Requisitos de habilidades: Don de gentes, Diplom\u00e1tico, Negociador.<br \/>Anotaciones importantes: Personaje importante y con poder, Muy alta probabilidad de muerte.<br \/>Dificultad: Media.<\/p>\t\t\t\t\t\t<\/div>\n\t\t\t\t<\/div>\n\t\t\t\t<div class=\"elementor-element elementor-element-76735a7 elementor-align-center elementor-widget elementor-widget-button\" data-id=\"76735a7\" data-element_type=\"widget\" data-widget_type=\"button.default\">\n\t\t\t\t<div class=\"elementor-widget-container\">\n\t\t\t\t\t<div class=\"elementor-button-wrapper\">\n\t\t\t<a class=\"elementor-button elementor-size-sm\" role=\"button\">\n\t\t\t\t\t\t<span class=\"elementor-button-content-wrapper\">\n\t\t\t\t\t\t<span class=\"elementor-button-text\">Reservado<\/span>\n\t\t<\/span>\n\t\t\t\t\t<\/a>\n\t\t<\/div>\n\t\t\t\t<\/div>\n\t\t\t\t<\/div>\n\t\t\t\t\t<\/div>\n\t\t<\/div>\n\t\t\t\t\t\t\t<\/div>\n\t\t<\/section>\n\t\t\t\t\t<\/div>\n\t\t<\/div>\n\t\t\t\t\t\t\t<\/div>\n\t\t<\/section>\n\t\t\t\t<section data-particle_enable=\"false\" data-particle-mobile-disabled=\"false\" class=\"elementor-section elementor-top-section elementor-element elementor-element-568ca8f elementor-section-boxed elementor-section-height-default elementor-section-height-default\" data-id=\"568ca8f\" data-element_type=\"section\">\n\t\t\t\t\t\t<div class=\"elementor-container elementor-column-gap-default\">\n\t\t\t\t\t<div class=\"elementor-column elementor-col-100 elementor-top-column elementor-element elementor-element-f8ebd57\" data-id=\"f8ebd57\" data-element_type=\"column\">\n\t\t\t<div class=\"elementor-widget-wrap elementor-element-populated\">\n\t\t\t\t\t\t\t\t<section data-particle_enable=\"false\" data-particle-mobile-disabled=\"false\" class=\"elementor-section elementor-inner-section elementor-element elementor-element-8f3bcf0 elementor-section-boxed elementor-section-height-default elementor-section-height-default\" data-id=\"8f3bcf0\" data-element_type=\"section\">\n\t\t\t\t\t\t<div class=\"elementor-container elementor-column-gap-default\">\n\t\t\t\t\t<div class=\"elementor-column elementor-col-66 elementor-inner-column elementor-element elementor-element-a70e943\" data-id=\"a70e943\" data-element_type=\"column\">\n\t\t\t<div class=\"elementor-widget-wrap elementor-element-populated\">\n\t\t\t\t\t\t\t\t<div class=\"elementor-element elementor-element-f1b557f elementor-widget elementor-widget-heading\" data-id=\"f1b557f\" data-element_type=\"widget\" data-widget_type=\"heading.default\">\n\t\t\t\t<div class=\"elementor-widget-container\">\n\t\t\t<h2 class=\"elementor-heading-title elementor-size-default\">Djago Al-Adin<\/h2>\t\t<\/div>\n\t\t\t\t<\/div>\n\t\t\t\t<div class=\"elementor-element elementor-element-7b52545 elementor-widget elementor-widget-text-editor\" data-id=\"7b52545\" data-element_type=\"widget\" data-widget_type=\"text-editor.default\">\n\t\t\t\t<div class=\"elementor-widget-container\">\n\t\t\t\t\t\t\t<p>Djago Al-Adin, primog\u00e9nito de una de las casas m\u00e1s respetadas de Calimport, es un hombre refinado, culto y excepcionalmente competente. Diplom\u00e1tico nato, su voz pesa tanto como el oro en los salones del poder. Mecenas del arte y ferviente defensor del orden, ha sido nombrado recaudador del pr\u00f3spero Distrito del Oro y las Perlas. Siempre impecable, siempre correcto&#8230; aunque algunos murmuran que hay habitaciones en sus propiedades donde no entra nadie m\u00e1s que \u00e9l. Discreto como pocos y celoso de su intimidad, Djago es un ejemplo de control absoluto. O eso parece.<\/p><p>G\u00e9nero: Libre.<br \/>Raza: Humano.<br \/>Requisitos de clase: Ninguno.<br \/>Requisitos de habilidades: Don de gentes, Diplom\u00e1tico, Negociador.<br \/>Anotaciones importantes: Personaje importante y con poder, Muy alta probabilidad de muerte.<br \/>Dificultad: Media.<\/p>\t\t\t\t\t\t<\/div>\n\t\t\t\t<\/div>\n\t\t\t\t<div class=\"elementor-element elementor-element-41b3a59 elementor-align-center elementor-widget elementor-widget-button\" data-id=\"41b3a59\" data-element_type=\"widget\" data-widget_type=\"button.default\">\n\t\t\t\t<div class=\"elementor-widget-container\">\n\t\t\t\t\t<div class=\"elementor-button-wrapper\">\n\t\t\t<a class=\"elementor-button elementor-size-sm\" role=\"button\">\n\t\t\t\t\t\t<span class=\"elementor-button-content-wrapper\">\n\t\t\t\t\t\t<span class=\"elementor-button-text\">Reservado<\/span>\n\t\t<\/span>\n\t\t\t\t\t<\/a>\n\t\t<\/div>\n\t\t\t\t<\/div>\n\t\t\t\t<\/div>\n\t\t\t\t\t<\/div>\n\t\t<\/div>\n\t\t\t\t<div class=\"elementor-column elementor-col-33 elementor-inner-column elementor-element elementor-element-1634b2c\" data-id=\"1634b2c\" data-element_type=\"column\">\n\t\t\t<div class=\"elementor-widget-wrap elementor-element-populated\">\n\t\t\t\t\t\t\t\t<div class=\"elementor-element elementor-element-ae1de26 elementor-widget elementor-widget-image\" data-id=\"ae1de26\" data-element_type=\"widget\" data-widget_type=\"image.default\">\n\t\t\t\t<div class=\"elementor-widget-container\">\n\t\t\t\t\t\t\t\t\t\t\t\t\t\t\t<img loading=\"lazy\" decoding=\"async\" width=\"321\" height=\"322\" src=\"https:\/\/i0.wp.com\/dracsiespases.es\/wp-content\/uploads\/2025\/08\/amir.jpg?fit=321%2C322&amp;ssl=1\" class=\"attachment-large size-large\" alt=\"\" srcset=\"https:\/\/i0.wp.com\/dracsiespases.es\/wp-content\/uploads\/2025\/08\/amir.jpg?w=321&amp;ssl=1 321w, https:\/\/i0.wp.com\/dracsiespases.es\/wp-content\/uploads\/2025\/08\/amir.jpg?resize=300%2C300&amp;ssl=1 300w, https:\/\/i0.wp.com\/dracsiespases.es\/wp-content\/uploads\/2025\/08\/amir.jpg?resize=150%2C150&amp;ssl=1 150w, https:\/\/i0.wp.com\/dracsiespases.es\/wp-content\/uploads\/2025\/08\/amir.jpg?resize=12%2C12&amp;ssl=1 12w\" sizes=\"auto, (max-width: 321px) 100vw, 321px\" \/>\t\t\t\t\t\t\t\t\t\t\t\t\t\t\t<\/div>\n\t\t\t\t<\/div>\n\t\t\t\t\t<\/div>\n\t\t<\/div>\n\t\t\t\t\t\t\t<\/div>\n\t\t<\/section>\n\t\t\t\t\t<\/div>\n\t\t<\/div>\n\t\t\t\t\t\t\t<\/div>\n\t\t<\/section>\n\t\t\t\t\t\t<\/div>\n\t\t\t\t\t<\/div>","protected":false},"excerpt":{"rendered":"<p>Amires Los Amires del Sult\u00e1n, es un t\u00edtulo que implica ser uno de los recaudadores oficiales. Jer\u00e1rquicamente est\u00e1n bajo los Visires, pero su trabajo es controlar las finanzas para el Sult\u00e1n y en \u00faltima instancia s\u00f3lo responden ante \u00e9l. Todo negocio realizado en la ciudad, incluso con el cuestor est\u00e1 bajo su supervisi\u00f3n, teniendo que &hellip;<\/p>\n<p class=\"read-more\"> <a class=\"\" href=\"https:\/\/dracsiespases.es\/val\/amires\/\"> <span class=\"screen-reader-text\">Amires<\/span> Read More &raquo;<\/a><\/p>","protected":false},"author":9,"featured_media":0,"parent":0,"menu_order":18,"comment_status":"closed","ping_status":"closed","template":"","meta":{"site-sidebar-layout":"no-sidebar","site-content-layout":"page-builder","ast-global-header-display":"","ast-banner-title-visibility":"","ast-main-header-display":"","ast-hfb-above-header-display":"","ast-hfb-below-header-display":"","ast-hfb-mobile-header-display":"","site-post-title":"disabled","ast-breadcrumbs-content":"","ast-featured-img":"disabled","footer-sml-layout":"","theme-transparent-header-meta":"","adv-header-id-meta":"","stick-header-meta":"","header-above-stick-meta":"","header-main-stick-meta":"","header-below-stick-meta":"","spay_email":"","footnotes":""},"class_list":["post-3351","page","type-page","status-publish","hentry"],"yoast_head":"<!-- This site is optimized with the Yoast SEO Premium plugin v18.1 (Yoast SEO v18.2) - https:\/\/yoast.com\/wordpress\/plugins\/seo\/ -->\n<title>Amires -<\/title>\n<meta name=\"robots\" content=\"index, follow, max-snippet:-1, max-image-preview:large, max-video-preview:-1\" \/>\n<link rel=\"canonical\" href=\"https:\/\/dracsiespases.es\/val\/amires\/\" \/>\n<meta property=\"og:locale\" content=\"es_ES\" \/>\n<meta property=\"og:type\" content=\"article\" \/>\n<meta property=\"og:title\" content=\"Amires\" \/>\n<meta property=\"og:description\" content=\"Amires Los Amires del Sult\u00e1n, es un t\u00edtulo que implica ser uno de los recaudadores oficiales. Jer\u00e1rquicamente est\u00e1n bajo los Visires, pero su trabajo es controlar las finanzas para el Sult\u00e1n y en \u00faltima instancia s\u00f3lo responden ante \u00e9l. Todo negocio realizado en la ciudad, incluso con el cuestor est\u00e1 bajo su supervisi\u00f3n, teniendo que &hellip; Amires Read More &raquo;\" \/>\n<meta property=\"og:url\" content=\"https:\/\/dracsiespases.es\/val\/amires\/\" \/>\n<meta property=\"article:modified_time\" content=\"2025-08-13T15:49:25+00:00\" \/>\n<meta property=\"og:image\" content=\"https:\/\/dracsiespases.es\/wp-content\/uploads\/2025\/08\/amir2.jpg\" \/>\n<meta name=\"twitter:card\" content=\"summary_large_image\" \/>\n<meta name=\"twitter:label1\" content=\"Est. reading time\" \/>\n\t<meta name=\"twitter:data1\" content=\"3 minutes\" \/>\n<script type=\"application\/ld+json\" class=\"yoast-schema-graph\">{\"@context\":\"https:\/\/schema.org\",\"@graph\":[{\"@type\":\"Organization\",\"@id\":\"https:\/\/dracsiespases.es\/#organization\",\"name\":\"Dracs i espases\",\"url\":\"https:\/\/dracsiespases.es\/\",\"sameAs\":[],\"logo\":{\"@type\":\"ImageObject\",\"@id\":\"https:\/\/dracsiespases.es\/#logo\",\"inLanguage\":\"es-val\",\"url\":\"https:\/\/dracsiespases.es\/wp-content\/uploads\/2022\/03\/logo.png\",\"contentUrl\":\"https:\/\/dracsiespases.es\/wp-content\/uploads\/2022\/03\/logo.png\",\"width\":543,\"height\":548,\"caption\":\"Dracs i espases\"},\"image\":{\"@id\":\"https:\/\/dracsiespases.es\/#logo\"}},{\"@type\":\"WebSite\",\"@id\":\"https:\/\/dracsiespases.es\/#website\",\"url\":\"https:\/\/dracsiespases.es\/\",\"name\":\"\",\"description\":\"Asociaci\u00f3n\",\"publisher\":{\"@id\":\"https:\/\/dracsiespases.es\/#organization\"},\"potentialAction\":[{\"@type\":\"SearchAction\",\"target\":{\"@type\":\"EntryPoint\",\"urlTemplate\":\"https:\/\/dracsiespases.es\/?s={search_term_string}\"},\"query-input\":\"required name=search_term_string\"}],\"inLanguage\":\"es-val\"},{\"@type\":\"ImageObject\",\"@id\":\"https:\/\/dracsiespases.es\/amires\/#primaryimage\",\"inLanguage\":\"es-val\",\"url\":\"https:\/\/i0.wp.com\/dracsiespases.es\/wp-content\/uploads\/2025\/08\/amir2.jpg?fit=359%2C325&ssl=1\",\"contentUrl\":\"https:\/\/i0.wp.com\/dracsiespases.es\/wp-content\/uploads\/2025\/08\/amir2.jpg?fit=359%2C325&ssl=1\",\"width\":359,\"height\":325},{\"@type\":\"WebPage\",\"@id\":\"https:\/\/dracsiespases.es\/amires\/#webpage\",\"url\":\"https:\/\/dracsiespases.es\/amires\/\",\"name\":\"Amires -\",\"isPartOf\":{\"@id\":\"https:\/\/dracsiespases.es\/#website\"},\"primaryImageOfPage\":{\"@id\":\"https:\/\/dracsiespases.es\/amires\/#primaryimage\"},\"datePublished\":\"2023-06-19T10:02:48+00:00\",\"dateModified\":\"2025-08-13T15:49:25+00:00\",\"breadcrumb\":{\"@id\":\"https:\/\/dracsiespases.es\/amires\/#breadcrumb\"},\"inLanguage\":\"es-val\",\"potentialAction\":[{\"@type\":\"ReadAction\",\"target\":[\"https:\/\/dracsiespases.es\/amires\/\"]}]},{\"@type\":\"BreadcrumbList\",\"@id\":\"https:\/\/dracsiespases.es\/amires\/#breadcrumb\",\"itemListElement\":[{\"@type\":\"ListItem\",\"position\":1,\"name\":\"Portada\",\"item\":\"https:\/\/dracsiespases.es\/\"},{\"@type\":\"ListItem\",\"position\":2,\"name\":\"Amires\"}]}]}<\/script>\n<!-- \/ Yoast SEO Premium plugin. -->","yoast_head_json":{"title":"Amires -","robots":{"index":"index","follow":"follow","max-snippet":"max-snippet:-1","max-image-preview":"max-image-preview:large","max-video-preview":"max-video-preview:-1"},"canonical":"https:\/\/dracsiespases.es\/val\/amires\/","og_locale":"es_ES","og_type":"article","og_title":"Amires","og_description":"Amires Los Amires del Sult\u00e1n, es un t\u00edtulo que implica ser uno de los recaudadores oficiales. Jer\u00e1rquicamente est\u00e1n bajo los Visires, pero su trabajo es controlar las finanzas para el Sult\u00e1n y en \u00faltima instancia s\u00f3lo responden ante \u00e9l. Todo negocio realizado en la ciudad, incluso con el cuestor est\u00e1 bajo su supervisi\u00f3n, teniendo que &hellip; Amires Read More &raquo;","og_url":"https:\/\/dracsiespases.es\/val\/amires\/","article_modified_time":"2025-08-13T15:49:25+00:00","og_image":[{"url":"https:\/\/dracsiespases.es\/wp-content\/uploads\/2025\/08\/amir2.jpg"}],"twitter_card":"summary_large_image","twitter_misc":{"Est. reading time":"3 minutes"},"schema":{"@context":"https:\/\/schema.org","@graph":[{"@type":"Organization","@id":"https:\/\/dracsiespases.es\/#organization","name":"Dracs i espases","url":"https:\/\/dracsiespases.es\/","sameAs":[],"logo":{"@type":"ImageObject","@id":"https:\/\/dracsiespases.es\/#logo","inLanguage":"es-val","url":"https:\/\/dracsiespases.es\/wp-content\/uploads\/2022\/03\/logo.png","contentUrl":"https:\/\/dracsiespases.es\/wp-content\/uploads\/2022\/03\/logo.png","width":543,"height":548,"caption":"Dracs i espases"},"image":{"@id":"https:\/\/dracsiespases.es\/#logo"}},{"@type":"WebSite","@id":"https:\/\/dracsiespases.es\/#website","url":"https:\/\/dracsiespases.es\/","name":"","description":"Asociaci\u00f3n","publisher":{"@id":"https:\/\/dracsiespases.es\/#organization"},"potentialAction":[{"@type":"SearchAction","target":{"@type":"EntryPoint","urlTemplate":"https:\/\/dracsiespases.es\/?s={search_term_string}"},"query-input":"required name=search_term_string"}],"inLanguage":"es-val"},{"@type":"ImageObject","@id":"https:\/\/dracsiespases.es\/amires\/#primaryimage","inLanguage":"es-val","url":"https:\/\/i0.wp.com\/dracsiespases.es\/wp-content\/uploads\/2025\/08\/amir2.jpg?fit=359%2C325&ssl=1","contentUrl":"https:\/\/i0.wp.com\/dracsiespases.es\/wp-content\/uploads\/2025\/08\/amir2.jpg?fit=359%2C325&ssl=1","width":359,"height":325},{"@type":"WebPage","@id":"https:\/\/dracsiespases.es\/amires\/#webpage","url":"https:\/\/dracsiespases.es\/amires\/","name":"Amires -","isPartOf":{"@id":"https:\/\/dracsiespases.es\/#website"},"primaryImageOfPage":{"@id":"https:\/\/dracsiespases.es\/amires\/#primaryimage"},"datePublished":"2023-06-19T10:02:48+00:00","dateModified":"2025-08-13T15:49:25+00:00","breadcrumb":{"@id":"https:\/\/dracsiespases.es\/amires\/#breadcrumb"},"inLanguage":"es-val","potentialAction":[{"@type":"ReadAction","target":["https:\/\/dracsiespases.es\/amires\/"]}]},{"@type":"BreadcrumbList","@id":"https:\/\/dracsiespases.es\/amires\/#breadcrumb","itemListElement":[{"@type":"ListItem","position":1,"name":"Portada","item":"https:\/\/dracsiespases.es\/"},{"@type":"ListItem","position":2,"name":"Amires"}]}]}},"_links":{"self":[{"href":"https:\/\/dracsiespases.es\/val\/wp-json\/wp\/v2\/pages\/3351","targetHints":{"allow":["GET"]}}],"collection":[{"href":"https:\/\/dracsiespases.es\/val\/wp-json\/wp\/v2\/pages"}],"about":[{"href":"https:\/\/dracsiespases.es\/val\/wp-json\/wp\/v2\/types\/page"}],"author":[{"embeddable":true,"href":"https:\/\/dracsiespases.es\/val\/wp-json\/wp\/v2\/users\/9"}],"replies":[{"embeddable":true,"href":"https:\/\/dracsiespases.es\/val\/wp-json\/wp\/v2\/comments?post=3351"}],"version-history":[{"count":44,"href":"https:\/\/dracsiespases.es\/val\/wp-json\/wp\/v2\/pages\/3351\/revisions"}],"predecessor-version":[{"id":6340,"href":"https:\/\/dracsiespases.es\/val\/wp-json\/wp\/v2\/pages\/3351\/revisions\/6340"}],"wp:attachment":[{"href":"https:\/\/dracsiespases.es\/val\/wp-json\/wp\/v2\/media?parent=3351"}],"curies":[{"name":"wp","href":"https:\/\/api.w.org\/{rel}","templated":true}]}}