{"id":1540,"date":"2022-05-05T11:16:44","date_gmt":"2022-05-05T11:16:44","guid":{"rendered":"https:\/\/dracsiespases.es\/?page_id=1540"},"modified":"2025-07-02T17:18:46","modified_gmt":"2025-07-02T17:18:46","slug":"rol-en-vivo","status":"publish","type":"page","link":"https:\/\/dracsiespases.es\/val\/rol-en-vivo\/","title":{"rendered":"Rol en viu"},"content":{"rendered":"<div data-elementor-type=\"wp-page\" data-elementor-id=\"1540\" class=\"elementor elementor-1540\" data-elementor-settings=\"[]\">\n\t\t\t\t\t\t\t<div class=\"elementor-section-wrap\">\n\t\t\t\t\t\t\t<section data-particle_enable=\"false\" data-particle-mobile-disabled=\"false\" class=\"elementor-section elementor-top-section elementor-element elementor-element-c44b0cb elementor-section-boxed elementor-section-height-default elementor-section-height-default\" data-id=\"c44b0cb\" data-element_type=\"section\">\n\t\t\t\t\t\t<div class=\"elementor-container elementor-column-gap-default\">\n\t\t\t\t\t<div class=\"elementor-column elementor-col-100 elementor-top-column elementor-element elementor-element-0673569\" data-id=\"0673569\" data-element_type=\"column\">\n\t\t\t<div class=\"elementor-widget-wrap elementor-element-populated\">\n\t\t\t\t\t\t\t\t<div class=\"elementor-element elementor-element-35d3687a elementor-widget elementor-widget-heading\" data-id=\"35d3687a\" data-element_type=\"widget\" data-widget_type=\"heading.default\">\n\t\t\t\t<div class=\"elementor-widget-container\">\n\t\t\t<style>\/*! elementor - v3.5.6 - 28-02-2022 *\/\n.elementor-heading-title{padding:0;margin:0;line-height:1}.elementor-widget-heading .elementor-heading-title[class*=elementor-size-]>a{color:inherit;font-size:inherit;line-height:inherit}.elementor-widget-heading .elementor-heading-title.elementor-size-small{font-size:15px}.elementor-widget-heading .elementor-heading-title.elementor-size-medium{font-size:19px}.elementor-widget-heading .elementor-heading-title.elementor-size-large{font-size:29px}.elementor-widget-heading .elementor-heading-title.elementor-size-xl{font-size:39px}.elementor-widget-heading .elementor-heading-title.elementor-size-xxl{font-size:59px}<\/style><h4 class=\"elementor-heading-title elementor-size-default\">Informaci\u00f3n sobre la pr\u00f3xima partida<\/h4>\t\t<\/div>\n\t\t\t\t<\/div>\n\t\t\t\t<div class=\"elementor-element elementor-element-2b6c2bfe elementor-widget elementor-widget-text-editor\" data-id=\"2b6c2bfe\" data-element_type=\"widget\" data-widget_type=\"text-editor.default\">\n\t\t\t\t<div class=\"elementor-widget-container\">\n\t\t\t<style>\/*! elementor - v3.5.6 - 28-02-2022 *\/\n.elementor-widget-text-editor.elementor-drop-cap-view-stacked .elementor-drop-cap{background-color:#818a91;color:#fff}.elementor-widget-text-editor.elementor-drop-cap-view-framed .elementor-drop-cap{color:#818a91;border:3px solid;background-color:transparent}.elementor-widget-text-editor:not(.elementor-drop-cap-view-default) .elementor-drop-cap{margin-top:8px}.elementor-widget-text-editor:not(.elementor-drop-cap-view-default) .elementor-drop-cap-letter{width:1em;height:1em}.elementor-widget-text-editor .elementor-drop-cap{float:left;text-align:center;line-height:1;font-size:50px}.elementor-widget-text-editor .elementor-drop-cap-letter{display:inline-block}<\/style>\t\t\t\t<div id=\"idyswacg_1\" class=\"_1Q9if\" data-testid=\"richTextElement\"><p>Bienvenidos a Calimport: Castillos de Arena. Esta partida marcar\u00e1 un antes y un despu\u00e9s en la historia de Faer\u00fbn. Ambientada en el reino de Calimshan, a partir de 1372, la historia estar\u00e1 marcada por el folclore, las narraciones, el comercio, la esclavitud, los rumores, los asesinatos, las intrigas, la magia\u2026 y mucho m\u00e1s, donde vosotros ser\u00e9is los protagonistas. El Pasha desde su trono en la capital, los l\u00edderes militares y los magos poderosos os esperan.<\/p><p>No esperes a l'\u00faltim moment. Crega el teu personatge I ESCRIU LA TEUA PR\u00d2PIA HIST\u00d2RIA JUNT AMB ALTRES JUGADORS.<\/p><p class=\"font_8\"><strong>La fecha para el pr\u00f3ximo evento es el fin de semana del 26, 27 y 28 de Septiembre de 2025.<\/strong><\/p><\/div><div id=\"idyswacg_0\" class=\"_1Q9if\" data-testid=\"richTextElement\"><p class=\"font_8\">\u00a0El lugar donde se realizar\u00e1 es el albergue de Alarc\u00f3n en la provincia de Cuenca, colocado estrat\u00e9gicamente en un punto intermedio de Valencia, Madrid, Alicante y Barcelona para facilitar a todos la asistencia.<\/p><p class=\"font_8\">\u00a0El precio por jugador ser\u00e1 de 100 euros (debido a la subida del precio del terreno). En el precio de la partida ir\u00e1 incluido la cena del viernes, desayuno-comida-cena del s\u00e1bado y desayuno-comida del domingo, adem\u00e1s de dormir en cama las dos noches del evento. Para los PNJ (Personaje No Jugador)\u00a0 y los ni\u00f1os (aquellos menores de 14 a\u00f1os que vengan sin ficha de personaje) el precio ser\u00e1 de 70 euros.<\/p><p class=\"font_8\">PD: Quan ens referim a un menor \"sin fitxa de personaje\" volem dir que no entrar\u00e0 en les trames principals de la partida ni haur\u00e0 d'entrar en zones de conflicte on els jugadors estiguen en combat per a evitar perills innecessaris, a m\u00e9s hauran d'anar acompanyats sempre d'un major d'edat que ser\u00e0 el responsable.<\/p><\/div>\t\t\t\t\t\t<\/div>\n\t\t\t\t<\/div>\n\t\t\t\t\t<\/div>\n\t\t<\/div>\n\t\t\t\t\t\t\t<\/div>\n\t\t<\/section>\n\t\t\t\t<section data-particle_enable=\"false\" data-particle-mobile-disabled=\"false\" class=\"elementor-section elementor-top-section elementor-element elementor-element-76e1a5bd elementor-section-content-middle elementor-section-full_width elementor-section-height-default elementor-section-height-default\" data-id=\"76e1a5bd\" data-element_type=\"section\">\n\t\t\t\t\t\t<div class=\"elementor-container elementor-column-gap-no\">\n\t\t\t\t\t<div class=\"elementor-column elementor-col-100 elementor-top-column elementor-element elementor-element-70556c4c\" data-id=\"70556c4c\" data-element_type=\"column\">\n\t\t\t<div class=\"elementor-widget-wrap elementor-element-populated\">\n\t\t\t\t\t\t\t\t<section data-particle_enable=\"false\" data-particle-mobile-disabled=\"false\" class=\"elementor-section elementor-inner-section elementor-element elementor-element-666c1fc elementor-section-content-middle elementor-section-boxed elementor-section-height-default elementor-section-height-default\" data-id=\"666c1fc\" data-element_type=\"section\">\n\t\t\t\t\t\t<div class=\"elementor-container elementor-column-gap-no\">\n\t\t\t\t\t<div class=\"elementor-column elementor-col-50 elementor-inner-column elementor-element elementor-element-107a95e9\" data-id=\"107a95e9\" data-element_type=\"column\">\n\t\t\t<div class=\"elementor-widget-wrap elementor-element-populated\">\n\t\t\t\t\t\t\t\t<div class=\"elementor-element elementor-element-773ed619 elementor-position-top elementor-vertical-align-top elementor-widget elementor-widget-image-box\" data-id=\"773ed619\" data-element_type=\"widget\" data-widget_type=\"image-box.default\">\n\t\t\t\t<div class=\"elementor-widget-container\">\n\t\t\t<style>\/*! elementor - v3.5.6 - 28-02-2022 *\/\n.elementor-widget-image-box .elementor-image-box-content{width:100%}@media (min-width:768px){.elementor-widget-image-box.elementor-position-left .elementor-image-box-wrapper,.elementor-widget-image-box.elementor-position-right .elementor-image-box-wrapper{display:-webkit-box;display:-ms-flexbox;display:flex}.elementor-widget-image-box.elementor-position-right .elementor-image-box-wrapper{text-align:right;-webkit-box-orient:horizontal;-webkit-box-direction:reverse;-ms-flex-direction:row-reverse;flex-direction:row-reverse}.elementor-widget-image-box.elementor-position-left .elementor-image-box-wrapper{text-align:left;-webkit-box-orient:horizontal;-webkit-box-direction:normal;-ms-flex-direction:row;flex-direction:row}.elementor-widget-image-box.elementor-position-top .elementor-image-box-img{margin:auto}.elementor-widget-image-box.elementor-vertical-align-top .elementor-image-box-wrapper{-webkit-box-align:start;-ms-flex-align:start;align-items:flex-start}.elementor-widget-image-box.elementor-vertical-align-middle .elementor-image-box-wrapper{-webkit-box-align:center;-ms-flex-align:center;align-items:center}.elementor-widget-image-box.elementor-vertical-align-bottom .elementor-image-box-wrapper{-webkit-box-align:end;-ms-flex-align:end;align-items:flex-end}}@media (max-width:767px){.elementor-widget-image-box .elementor-image-box-img{margin-left:auto!important;margin-right:auto!important;margin-bottom:15px}}.elementor-widget-image-box .elementor-image-box-img{display:inline-block}.elementor-widget-image-box .elementor-image-box-title a{color:inherit}.elementor-widget-image-box .elementor-image-box-wrapper{text-align:center}.elementor-widget-image-box .elementor-image-box-description{margin:0}<\/style><div class=\"elementor-image-box-wrapper\"><figure class=\"elementor-image-box-img\"><img loading=\"lazy\" decoding=\"async\" width=\"256\" height=\"256\" src=\"https:\/\/i0.wp.com\/dracsiespases.es\/wp-content\/uploads\/2022\/03\/flyer.png?fit=256%2C256&amp;ssl=1\" class=\"elementor-animation-grow attachment-full size-full\" alt=\"\" \/><\/figure><div class=\"elementor-image-box-content\"><h3 class=\"elementor-image-box-title\">Rerefons<\/h3><p class=\"elementor-image-box-description\">Todo lo que necesitas saber sobre el reino de Calimport antes de hacer tu ficha de personaje. <\/p><\/div><\/div>\t\t<\/div>\n\t\t\t\t<\/div>\n\t\t\t\t<div class=\"elementor-element elementor-element-1c97a0f elementor-align-center elementor-widget elementor-widget-button\" data-id=\"1c97a0f\" data-element_type=\"widget\" data-widget_type=\"button.default\">\n\t\t\t\t<div class=\"elementor-widget-container\">\n\t\t\t\t\t<div class=\"elementor-button-wrapper\">\n\t\t\t<a href=\"https:\/\/dracsiespases.es\/val\/trasfondo-rol-en-vivo\/\" class=\"elementor-button-link elementor-button elementor-size-sm\" role=\"button\">\n\t\t\t\t\t\t<span class=\"elementor-button-content-wrapper\">\n\t\t\t\t\t\t<span class=\"elementor-button-text\">Llegir m\u00e9s<\/span>\n\t\t<\/span>\n\t\t\t\t\t<\/a>\n\t\t<\/div>\n\t\t\t\t<\/div>\n\t\t\t\t<\/div>\n\t\t\t\t\t<\/div>\n\t\t<\/div>\n\t\t\t\t<div class=\"elementor-column elementor-col-50 elementor-inner-column elementor-element elementor-element-6922ab84\" data-id=\"6922ab84\" data-element_type=\"column\">\n\t\t\t<div class=\"elementor-widget-wrap elementor-element-populated\">\n\t\t\t\t\t\t\t\t<div class=\"elementor-element elementor-element-451ece40 elementor-position-top elementor-vertical-align-top elementor-widget elementor-widget-image-box\" data-id=\"451ece40\" data-element_type=\"widget\" data-widget_type=\"image-box.default\">\n\t\t\t\t<div class=\"elementor-widget-container\">\n\t\t\t<div class=\"elementor-image-box-wrapper\"><figure class=\"elementor-image-box-img\"><img loading=\"lazy\" decoding=\"async\" width=\"256\" height=\"256\" src=\"https:\/\/i0.wp.com\/dracsiespases.es\/wp-content\/uploads\/2022\/03\/certificate.png?fit=256%2C256&amp;ssl=1\" class=\"elementor-animation-grow attachment-full size-full\" alt=\"\" \/><\/figure><div class=\"elementor-image-box-content\"><h3 class=\"elementor-image-box-title\">Inscripci\u00f3<\/h3><p class=\"elementor-image-box-description\">Com fer la inscripci\u00f3 al esdeveniment pas a pas.<\/p><\/div><\/div>\t\t<\/div>\n\t\t\t\t<\/div>\n\t\t\t\t<div class=\"elementor-element elementor-element-8a9f9ab elementor-align-center elementor-widget elementor-widget-button\" data-id=\"8a9f9ab\" data-element_type=\"widget\" data-widget_type=\"button.default\">\n\t\t\t\t<div class=\"elementor-widget-container\">\n\t\t\t\t\t<div class=\"elementor-button-wrapper\">\n\t\t\t<a href=\"https:\/\/dracsiespases.es\/val\/inscribirse-rol-en-vivo\/\" class=\"elementor-button-link elementor-button elementor-size-sm\" role=\"button\">\n\t\t\t\t\t\t<span class=\"elementor-button-content-wrapper\">\n\t\t\t\t\t\t<span class=\"elementor-button-text\">Llegir m\u00e9s<\/span>\n\t\t<\/span>\n\t\t\t\t\t<\/a>\n\t\t<\/div>\n\t\t\t\t<\/div>\n\t\t\t\t<\/div>\n\t\t\t\t\t<\/div>\n\t\t<\/div>\n\t\t\t\t\t\t\t<\/div>\n\t\t<\/section>\n\t\t\t\t\t<\/div>\n\t\t<\/div>\n\t\t\t\t\t\t\t<\/div>\n\t\t<\/section>\n\t\t\t\t\t\t<\/div>\n\t\t\t\t\t<\/div>","protected":false},"excerpt":{"rendered":"<p>Informaci\u00f3n sobre la pr\u00f3xima partida Bienvenidos a Calimport: Castillos de Arena. Esta partida marcar\u00e1 un antes y un despu\u00e9s en la historia de Faer\u00fbn. Ambientada en el reino de Calimshan, a partir de 1372, la historia estar\u00e1 marcada por el folclore, las narraciones, el comercio, la esclavitud, los rumores, los asesinatos, las intrigas, la magia\u2026 &hellip;<\/p>\n<p class=\"read-more\"> <a class=\"\" href=\"https:\/\/dracsiespases.es\/val\/rol-en-vivo\/\"> <span class=\"screen-reader-text\">Rol en viu<\/span> Read More &raquo;<\/a><\/p>","protected":false},"author":1,"featured_media":0,"parent":0,"menu_order":6,"comment_status":"closed","ping_status":"closed","template":"","meta":{"site-sidebar-layout":"no-sidebar","site-content-layout":"page-builder","ast-global-header-display":"","ast-banner-title-visibility":"","ast-main-header-display":"","ast-hfb-above-header-display":"","ast-hfb-below-header-display":"","ast-hfb-mobile-header-display":"","site-post-title":"disabled","ast-breadcrumbs-content":"","ast-featured-img":"disabled","footer-sml-layout":"","theme-transparent-header-meta":"","adv-header-id-meta":"","stick-header-meta":"","header-above-stick-meta":"","header-main-stick-meta":"","header-below-stick-meta":"","spay_email":"","footnotes":""},"class_list":["post-1540","page","type-page","status-publish","hentry"],"yoast_head":"<!-- This site is optimized with the Yoast SEO Premium plugin v18.1 (Yoast SEO v18.2) - https:\/\/yoast.com\/wordpress\/plugins\/seo\/ -->\n<title>Rol en vivo -<\/title>\n<meta name=\"robots\" content=\"index, follow, max-snippet:-1, max-image-preview:large, max-video-preview:-1\" \/>\n<link rel=\"canonical\" href=\"https:\/\/dracsiespases.es\/val\/rol-en-vivo\/\" \/>\n<meta property=\"og:locale\" content=\"es_ES\" \/>\n<meta property=\"og:type\" content=\"article\" \/>\n<meta property=\"og:title\" content=\"Rol en vivo\" \/>\n<meta property=\"og:description\" content=\"Informaci\u00f3n sobre la pr\u00f3xima partida Bienvenidos a Calimport: Castillos de Arena. Esta partida marcar\u00e1 un antes y un despu\u00e9s en la historia de Faer\u00fbn. Ambientada en el reino de Calimshan, a partir de 1372, la historia estar\u00e1 marcada por el folclore, las narraciones, el comercio, la esclavitud, los rumores, los asesinatos, las intrigas, la magia\u2026 &hellip; Rol en vivo Read More &raquo;\" \/>\n<meta property=\"og:url\" content=\"https:\/\/dracsiespases.es\/val\/rol-en-vivo\/\" \/>\n<meta property=\"article:modified_time\" content=\"2025-07-02T17:18:46+00:00\" \/>\n<meta property=\"og:image\" content=\"https:\/\/dracsiespases.es\/wp-content\/uploads\/2022\/03\/flyer.png\" \/>\n<meta name=\"twitter:card\" content=\"summary_large_image\" \/>\n<meta name=\"twitter:label1\" content=\"Est. reading time\" \/>\n\t<meta name=\"twitter:data1\" content=\"2 minutes\" \/>\n<script type=\"application\/ld+json\" class=\"yoast-schema-graph\">{\"@context\":\"https:\/\/schema.org\",\"@graph\":[{\"@type\":\"Organization\",\"@id\":\"https:\/\/dracsiespases.es\/#organization\",\"name\":\"Dracs i espases\",\"url\":\"https:\/\/dracsiespases.es\/\",\"sameAs\":[],\"logo\":{\"@type\":\"ImageObject\",\"@id\":\"https:\/\/dracsiespases.es\/#logo\",\"inLanguage\":\"es-val\",\"url\":\"https:\/\/dracsiespases.es\/wp-content\/uploads\/2022\/03\/logo.png\",\"contentUrl\":\"https:\/\/dracsiespases.es\/wp-content\/uploads\/2022\/03\/logo.png\",\"width\":543,\"height\":548,\"caption\":\"Dracs i espases\"},\"image\":{\"@id\":\"https:\/\/dracsiespases.es\/#logo\"}},{\"@type\":\"WebSite\",\"@id\":\"https:\/\/dracsiespases.es\/#website\",\"url\":\"https:\/\/dracsiespases.es\/\",\"name\":\"\",\"description\":\"Asociaci\u00f3n\",\"publisher\":{\"@id\":\"https:\/\/dracsiespases.es\/#organization\"},\"potentialAction\":[{\"@type\":\"SearchAction\",\"target\":{\"@type\":\"EntryPoint\",\"urlTemplate\":\"https:\/\/dracsiespases.es\/?s={search_term_string}\"},\"query-input\":\"required name=search_term_string\"}],\"inLanguage\":\"es-val\"},{\"@type\":\"ImageObject\",\"@id\":\"https:\/\/dracsiespases.es\/rol-en-vivo\/#primaryimage\",\"inLanguage\":\"es-val\",\"url\":\"https:\/\/i0.wp.com\/dracsiespases.es\/wp-content\/uploads\/2022\/03\/flyer.png?fit=256%2C256&ssl=1\",\"contentUrl\":\"https:\/\/i0.wp.com\/dracsiespases.es\/wp-content\/uploads\/2022\/03\/flyer.png?fit=256%2C256&ssl=1\",\"width\":256,\"height\":256},{\"@type\":\"WebPage\",\"@id\":\"https:\/\/dracsiespases.es\/rol-en-vivo\/#webpage\",\"url\":\"https:\/\/dracsiespases.es\/rol-en-vivo\/\",\"name\":\"Rol en vivo -\",\"isPartOf\":{\"@id\":\"https:\/\/dracsiespases.es\/#website\"},\"primaryImageOfPage\":{\"@id\":\"https:\/\/dracsiespases.es\/rol-en-vivo\/#primaryimage\"},\"datePublished\":\"2022-05-05T11:16:44+00:00\",\"dateModified\":\"2025-07-02T17:18:46+00:00\",\"breadcrumb\":{\"@id\":\"https:\/\/dracsiespases.es\/rol-en-vivo\/#breadcrumb\"},\"inLanguage\":\"es-val\",\"potentialAction\":[{\"@type\":\"ReadAction\",\"target\":[\"https:\/\/dracsiespases.es\/rol-en-vivo\/\"]}]},{\"@type\":\"BreadcrumbList\",\"@id\":\"https:\/\/dracsiespases.es\/rol-en-vivo\/#breadcrumb\",\"itemListElement\":[{\"@type\":\"ListItem\",\"position\":1,\"name\":\"Portada\",\"item\":\"https:\/\/dracsiespases.es\/\"},{\"@type\":\"ListItem\",\"position\":2,\"name\":\"Rol en vivo\"}]}]}<\/script>\n<!-- \/ Yoast SEO Premium plugin. -->","yoast_head_json":{"title":"Rol en vivo -","robots":{"index":"index","follow":"follow","max-snippet":"max-snippet:-1","max-image-preview":"max-image-preview:large","max-video-preview":"max-video-preview:-1"},"canonical":"https:\/\/dracsiespases.es\/val\/rol-en-vivo\/","og_locale":"es_ES","og_type":"article","og_title":"Rol en vivo","og_description":"Informaci\u00f3n sobre la pr\u00f3xima partida Bienvenidos a Calimport: Castillos de Arena. Esta partida marcar\u00e1 un antes y un despu\u00e9s en la historia de Faer\u00fbn. Ambientada en el reino de Calimshan, a partir de 1372, la historia estar\u00e1 marcada por el folclore, las narraciones, el comercio, la esclavitud, los rumores, los asesinatos, las intrigas, la magia\u2026 &hellip; Rol en vivo Read More &raquo;","og_url":"https:\/\/dracsiespases.es\/val\/rol-en-vivo\/","article_modified_time":"2025-07-02T17:18:46+00:00","og_image":[{"url":"https:\/\/dracsiespases.es\/wp-content\/uploads\/2022\/03\/flyer.png"}],"twitter_card":"summary_large_image","twitter_misc":{"Est. reading time":"2 minutes"},"schema":{"@context":"https:\/\/schema.org","@graph":[{"@type":"Organization","@id":"https:\/\/dracsiespases.es\/#organization","name":"Dracs i espases","url":"https:\/\/dracsiespases.es\/","sameAs":[],"logo":{"@type":"ImageObject","@id":"https:\/\/dracsiespases.es\/#logo","inLanguage":"es-val","url":"https:\/\/dracsiespases.es\/wp-content\/uploads\/2022\/03\/logo.png","contentUrl":"https:\/\/dracsiespases.es\/wp-content\/uploads\/2022\/03\/logo.png","width":543,"height":548,"caption":"Dracs i espases"},"image":{"@id":"https:\/\/dracsiespases.es\/#logo"}},{"@type":"WebSite","@id":"https:\/\/dracsiespases.es\/#website","url":"https:\/\/dracsiespases.es\/","name":"","description":"Asociaci\u00f3n","publisher":{"@id":"https:\/\/dracsiespases.es\/#organization"},"potentialAction":[{"@type":"SearchAction","target":{"@type":"EntryPoint","urlTemplate":"https:\/\/dracsiespases.es\/?s={search_term_string}"},"query-input":"required name=search_term_string"}],"inLanguage":"es-val"},{"@type":"ImageObject","@id":"https:\/\/dracsiespases.es\/rol-en-vivo\/#primaryimage","inLanguage":"es-val","url":"https:\/\/i0.wp.com\/dracsiespases.es\/wp-content\/uploads\/2022\/03\/flyer.png?fit=256%2C256&ssl=1","contentUrl":"https:\/\/i0.wp.com\/dracsiespases.es\/wp-content\/uploads\/2022\/03\/flyer.png?fit=256%2C256&ssl=1","width":256,"height":256},{"@type":"WebPage","@id":"https:\/\/dracsiespases.es\/rol-en-vivo\/#webpage","url":"https:\/\/dracsiespases.es\/rol-en-vivo\/","name":"Rol en vivo -","isPartOf":{"@id":"https:\/\/dracsiespases.es\/#website"},"primaryImageOfPage":{"@id":"https:\/\/dracsiespases.es\/rol-en-vivo\/#primaryimage"},"datePublished":"2022-05-05T11:16:44+00:00","dateModified":"2025-07-02T17:18:46+00:00","breadcrumb":{"@id":"https:\/\/dracsiespases.es\/rol-en-vivo\/#breadcrumb"},"inLanguage":"es-val","potentialAction":[{"@type":"ReadAction","target":["https:\/\/dracsiespases.es\/rol-en-vivo\/"]}]},{"@type":"BreadcrumbList","@id":"https:\/\/dracsiespases.es\/rol-en-vivo\/#breadcrumb","itemListElement":[{"@type":"ListItem","position":1,"name":"Portada","item":"https:\/\/dracsiespases.es\/"},{"@type":"ListItem","position":2,"name":"Rol en vivo"}]}]}},"_links":{"self":[{"href":"https:\/\/dracsiespases.es\/val\/wp-json\/wp\/v2\/pages\/1540","targetHints":{"allow":["GET"]}}],"collection":[{"href":"https:\/\/dracsiespases.es\/val\/wp-json\/wp\/v2\/pages"}],"about":[{"href":"https:\/\/dracsiespases.es\/val\/wp-json\/wp\/v2\/types\/page"}],"author":[{"embeddable":true,"href":"https:\/\/dracsiespases.es\/val\/wp-json\/wp\/v2\/users\/1"}],"replies":[{"embeddable":true,"href":"https:\/\/dracsiespases.es\/val\/wp-json\/wp\/v2\/comments?post=1540"}],"version-history":[{"count":63,"href":"https:\/\/dracsiespases.es\/val\/wp-json\/wp\/v2\/pages\/1540\/revisions"}],"predecessor-version":[{"id":5995,"href":"https:\/\/dracsiespases.es\/val\/wp-json\/wp\/v2\/pages\/1540\/revisions\/5995"}],"wp:attachment":[{"href":"https:\/\/dracsiespases.es\/val\/wp-json\/wp\/v2\/media?parent=1540"}],"curies":[{"name":"wp","href":"https:\/\/api.w.org\/{rel}","templated":true}]}}